{"id":743,"date":"2020-11-06T16:42:38","date_gmt":"2020-11-06T15:42:38","guid":{"rendered":"https:\/\/nancy-mariage.fr\/?page_id=743"},"modified":"2024-10-15T15:50:03","modified_gmt":"2024-10-15T13:50:03","slug":"creatif-paris","status":"publish","type":"page","link":"https:\/\/nancy-mariage.fr\/?page_id=743","title":{"rendered":"Cr\u00e9atif Paris"},"content":{"rendered":"<p>[et_pb_section fb_built=\u00a0\u00bb1&Prime; admin_label=\u00a0\u00bbsection\u00a0\u00bb _builder_version=\u00a0\u00bb4.16&Prime; global_colors_info=\u00a0\u00bb{}\u00a0\u00bb][et_pb_row column_structure=\u00a0\u00bb1_2,1_2&Prime; use_custom_gutter=\u00a0\u00bbon\u00a0\u00bb make_equal=\u00a0\u00bbon\u00a0\u00bb _builder_version=\u00a0\u00bb4.16&Prime; width=\u00a0\u00bb63%\u00a0\u00bb max_width=\u00a0\u00bb2600px\u00a0\u00bb use_custom_width=\u00a0\u00bbon\u00a0\u00bb custom_width_px=\u00a0\u00bb2600px\u00a0\u00bb global_colors_info=\u00a0\u00bb{}\u00a0\u00bb][et_pb_column type=\u00a0\u00bb1_2&Prime; _builder_version=\u00a0\u00bb4.16&Prime; custom_padding=\u00a0\u00bb|||\u00a0\u00bb global_colors_info=\u00a0\u00bb{}\u00a0\u00bb custom_padding__hover=\u00a0\u00bb|||\u00a0\u00bb][et_pb_gallery gallery_ids=\u00a0\u00bb1263,1264,1265,1267,1269,1270,1271,1272,1273,1274,1275,1276,1277,1279,1280&Prime; fullwidth=\u00a0\u00bbon\u00a0\u00bb _builder_version=\u00a0\u00bb4.27.2&Prime; _module_preset=\u00a0\u00bbdefault\u00a0\u00bb background_layout=\u00a0\u00bbdark\u00a0\u00bb auto=\u00a0\u00bbon\u00a0\u00bb auto_speed=\u00a0\u00bb4000&Prime; global_colors_info=\u00a0\u00bb{}\u00a0\u00bb][\/et_pb_gallery][\/et_pb_column][et_pb_column type=\u00a0\u00bb1_2&Prime; _builder_version=\u00a0\u00bb4.16&Prime; custom_padding=\u00a0\u00bb|||\u00a0\u00bb global_colors_info=\u00a0\u00bb{}\u00a0\u00bb custom_padding__hover=\u00a0\u00bb|||\u00a0\u00bb][et_pb_text _builder_version=\u00a0\u00bb4.27.2&Prime; custom_margin=\u00a0\u00bb49px|||||\u00a0\u00bb global_colors_info=\u00a0\u00bb{}\u00a0\u00bb]<\/p>\n<div class=\"vc_row wpb_row vc_row-fluid\">\n<div class=\"wpb_column vc_column_container vc_col-sm-12\">\n<div class=\"vc_column-inner\">\n<div class=\"wpb_wrapper\">\n<div class=\"eltdf-section-title-holder   eltdf-section-title-appeared\">\n<div class=\"eltdf-st-inner\">\n<h1 class=\"eltdf-st-title\"><span color=\"#000000\" style=\"color: #000000;\">Cr\u00e9atif Paris<\/span><\/h1>\n<\/div>\n<\/div>\n<\/div>\n<\/div>\n<\/div>\n<\/div>\n<div class=\"vc_row wpb_row vc_row-fluid\">\n<div class=\"wpb_column vc_column_container vc_col-sm-12\">\n<div class=\"vc_column-inner\">\n<div class=\"wpb_wrapper\">\n<div class=\"wpb_text_column wpb_content_element \">\n<div class=\"wpb_wrapper\">\n<div class=\"page\" title=\"Page 5\">\n<div class=\"layoutArea\">\n<div class=\"page\" title=\"Page 5\">\n<div class=\"layoutArea\">\n<div class=\"column\"><\/div>\n<\/div>\n<\/div>\n<\/div>\n<\/div>\n<\/div>\n<\/div>\n<\/div>\n<\/div>\n<\/div>\n<\/div>\n<p>[\/et_pb_text][et_pb_divider divider_weight=\u00a0\u00bb2px\u00a0\u00bb _builder_version=\u00a0\u00bb4.16&Prime; max_width=\u00a0\u00bb28%\u00a0\u00bb global_colors_info=\u00a0\u00bb{}\u00a0\u00bb][\/et_pb_divider][et_pb_text _builder_version=\u00a0\u00bb4.16&Prime; global_colors_info=\u00a0\u00bb{}\u00a0\u00bb]<\/p>\n<div class=\"vc_row wpb_row vc_row-fluid\">\n<div class=\"wpb_column vc_column_container vc_col-sm-12\">\n<div class=\"vc_column-inner\">\n<div class=\"wpb_wrapper\">\n<div class=\"eltdf-section-title-holder   eltdf-section-title-appeared\">\n<div class=\"eltdf-st-inner\">\n<div>Une robe pleine de sobri\u00e9t\u00e9 pour une \u00e9l\u00e9gance assur\u00e9e. Soyez chic par le biais d&rsquo;une ligne soign\u00e9e.<\/div>\n<\/div>\n<\/div>\n<\/div>\n<\/div>\n<\/div>\n<\/div>\n<div class=\"vc_row wpb_row vc_row-fluid\">\n<div class=\"wpb_column vc_column_container vc_col-sm-12\">\n<div class=\"vc_column-inner\">\n<div class=\"wpb_wrapper\">\n<div class=\"wpb_text_column wpb_content_element \">\n<div class=\"wpb_wrapper\">\n<div class=\"page\" title=\"Page 5\">\n<div class=\"layoutArea\">\n<p>&nbsp;<\/p>\n<div class=\"page\" title=\"Page 5\">\n<div class=\"layoutArea\">\n<div class=\"column\">\n<p><strong>Retrouvez le reste de la collection en boutique.<\/strong><\/p>\n<\/div>\n<\/div>\n<\/div>\n<\/div>\n<\/div>\n<\/div>\n<\/div>\n<\/div>\n<\/div>\n<\/div>\n<\/div>\n<p>[\/et_pb_text][et_pb_button button_url=\u00a0\u00bbhttps:\/\/nancy-mariage.fr\/#CONTACT\u00a0\u00bb button_text=\u00a0\u00bbJe veux plus d&rsquo;infos\u00a0\u00bb _builder_version=\u00a0\u00bb4.16&Prime; custom_button=\u00a0\u00bbon\u00a0\u00bb button_text_size=\u00a0\u00bb13px\u00a0\u00bb button_font=\u00a0\u00bb||||||||\u00a0\u00bb global_colors_info=\u00a0\u00bb{}\u00a0\u00bb button_text_size__hover_enabled=\u00a0\u00bboff\u00a0\u00bb button_one_text_size__hover_enabled=\u00a0\u00bboff\u00a0\u00bb button_two_text_size__hover_enabled=\u00a0\u00bboff\u00a0\u00bb button_text_color__hover_enabled=\u00a0\u00bboff\u00a0\u00bb button_one_text_color__hover_enabled=\u00a0\u00bboff\u00a0\u00bb button_two_text_color__hover_enabled=\u00a0\u00bboff\u00a0\u00bb button_border_width__hover_enabled=\u00a0\u00bboff\u00a0\u00bb button_one_border_width__hover_enabled=\u00a0\u00bboff\u00a0\u00bb button_two_border_width__hover_enabled=\u00a0\u00bboff\u00a0\u00bb button_border_color__hover_enabled=\u00a0\u00bboff\u00a0\u00bb button_one_border_color__hover_enabled=\u00a0\u00bboff\u00a0\u00bb button_two_border_color__hover_enabled=\u00a0\u00bboff\u00a0\u00bb button_border_radius__hover_enabled=\u00a0\u00bboff\u00a0\u00bb button_one_border_radius__hover_enabled=\u00a0\u00bboff\u00a0\u00bb button_two_border_radius__hover_enabled=\u00a0\u00bboff\u00a0\u00bb button_letter_spacing__hover_enabled=\u00a0\u00bboff\u00a0\u00bb button_one_letter_spacing__hover_enabled=\u00a0\u00bboff\u00a0\u00bb button_two_letter_spacing__hover_enabled=\u00a0\u00bboff\u00a0\u00bb button_bg_color__hover_enabled=\u00a0\u00bboff\u00a0\u00bb button_one_bg_color__hover_enabled=\u00a0\u00bboff\u00a0\u00bb button_two_bg_color__hover_enabled=\u00a0\u00bboff\u00a0\u00bb][\/et_pb_button][\/et_pb_column][\/et_pb_row][\/et_pb_section]<\/p>\n","protected":false},"excerpt":{"rendered":"<p>Cr\u00e9atif Paris Une robe pleine de sobri\u00e9t\u00e9 pour une \u00e9l\u00e9gance assur\u00e9e. Soyez chic par le biais d&rsquo;une ligne soign\u00e9e. &nbsp; Retrouvez le reste de la collection en boutique.<\/p>\n","protected":false},"author":1,"featured_media":0,"parent":0,"menu_order":0,"comment_status":"closed","ping_status":"closed","template":"","meta":{"_et_pb_use_builder":"on","_et_pb_old_content":"","_et_gb_content_width":"","footnotes":""},"class_list":["post-743","page","type-page","status-publish","hentry"],"yoast_head":"<!-- This site is optimized with the Yoast SEO plugin v26.6 - https:\/\/yoast.com\/wordpress\/plugins\/seo\/ -->\n<title>Cr\u00e9atif Paris - Nancy Mariage<\/title>\n<meta name=\"robots\" content=\"index, follow, max-snippet:-1, max-image-preview:large, max-video-preview:-1\" \/>\n<link rel=\"canonical\" href=\"https:\/\/nancy-mariage.fr\/?page_id=743\" \/>\n<meta property=\"og:locale\" content=\"fr_FR\" \/>\n<meta property=\"og:type\" content=\"article\" \/>\n<meta property=\"og:title\" content=\"Cr\u00e9atif Paris - Nancy Mariage\" \/>\n<meta property=\"og:description\" content=\"Cr\u00e9atif Paris Une robe pleine de sobri\u00e9t\u00e9 pour une \u00e9l\u00e9gance assur\u00e9e. Soyez chic par le biais d&#039;une ligne soign\u00e9e. &nbsp; Retrouvez le reste de la collection en boutique.\" \/>\n<meta property=\"og:url\" content=\"https:\/\/nancy-mariage.fr\/?page_id=743\" \/>\n<meta property=\"og:site_name\" content=\"Nancy Mariage\" \/>\n<meta property=\"article:modified_time\" content=\"2024-10-15T13:50:03+00:00\" \/>\n<meta name=\"twitter:card\" content=\"summary_large_image\" \/>\n<meta name=\"twitter:label1\" content=\"Dur\u00e9e de lecture estim\u00e9e\" \/>\n\t<meta name=\"twitter:data1\" content=\"2 minutes\" \/>\n<script type=\"application\/ld+json\" class=\"yoast-schema-graph\">{\"@context\":\"https:\/\/schema.org\",\"@graph\":[{\"@type\":\"WebPage\",\"@id\":\"https:\/\/nancy-mariage.fr\/?page_id=743\",\"url\":\"https:\/\/nancy-mariage.fr\/?page_id=743\",\"name\":\"Cr\u00e9atif Paris - Nancy Mariage\",\"isPartOf\":{\"@id\":\"http:\/\/nancy-mariage.fr\/#website\"},\"datePublished\":\"2020-11-06T15:42:38+00:00\",\"dateModified\":\"2024-10-15T13:50:03+00:00\",\"breadcrumb\":{\"@id\":\"https:\/\/nancy-mariage.fr\/?page_id=743#breadcrumb\"},\"inLanguage\":\"fr-FR\",\"potentialAction\":[{\"@type\":\"ReadAction\",\"target\":[\"https:\/\/nancy-mariage.fr\/?page_id=743\"]}]},{\"@type\":\"BreadcrumbList\",\"@id\":\"https:\/\/nancy-mariage.fr\/?page_id=743#breadcrumb\",\"itemListElement\":[{\"@type\":\"ListItem\",\"position\":1,\"name\":\"Accueil\",\"item\":\"https:\/\/nancy-mariage.fr\/\"},{\"@type\":\"ListItem\",\"position\":2,\"name\":\"Cr\u00e9atif Paris\"}]},{\"@type\":\"WebSite\",\"@id\":\"http:\/\/nancy-mariage.fr\/#website\",\"url\":\"http:\/\/nancy-mariage.fr\/\",\"name\":\"Nancy Mariage\",\"description\":\"La plus grande boutique de mariage aux portes de Nancy vous propose un tr\u00e8s large choix parmi plus de 300 robes de mari\u00e9es et 200 costumes.\",\"potentialAction\":[{\"@type\":\"SearchAction\",\"target\":{\"@type\":\"EntryPoint\",\"urlTemplate\":\"http:\/\/nancy-mariage.fr\/?s={search_term_string}\"},\"query-input\":{\"@type\":\"PropertyValueSpecification\",\"valueRequired\":true,\"valueName\":\"search_term_string\"}}],\"inLanguage\":\"fr-FR\"}]}<\/script>\n<!-- \/ Yoast SEO plugin. -->","yoast_head_json":{"title":"Cr\u00e9atif Paris - Nancy Mariage","robots":{"index":"index","follow":"follow","max-snippet":"max-snippet:-1","max-image-preview":"max-image-preview:large","max-video-preview":"max-video-preview:-1"},"canonical":"https:\/\/nancy-mariage.fr\/?page_id=743","og_locale":"fr_FR","og_type":"article","og_title":"Cr\u00e9atif Paris - Nancy Mariage","og_description":"Cr\u00e9atif Paris Une robe pleine de sobri\u00e9t\u00e9 pour une \u00e9l\u00e9gance assur\u00e9e. Soyez chic par le biais d'une ligne soign\u00e9e. &nbsp; Retrouvez le reste de la collection en boutique.","og_url":"https:\/\/nancy-mariage.fr\/?page_id=743","og_site_name":"Nancy Mariage","article_modified_time":"2024-10-15T13:50:03+00:00","twitter_card":"summary_large_image","twitter_misc":{"Dur\u00e9e de lecture estim\u00e9e":"2 minutes"},"schema":{"@context":"https:\/\/schema.org","@graph":[{"@type":"WebPage","@id":"https:\/\/nancy-mariage.fr\/?page_id=743","url":"https:\/\/nancy-mariage.fr\/?page_id=743","name":"Cr\u00e9atif Paris - Nancy Mariage","isPartOf":{"@id":"http:\/\/nancy-mariage.fr\/#website"},"datePublished":"2020-11-06T15:42:38+00:00","dateModified":"2024-10-15T13:50:03+00:00","breadcrumb":{"@id":"https:\/\/nancy-mariage.fr\/?page_id=743#breadcrumb"},"inLanguage":"fr-FR","potentialAction":[{"@type":"ReadAction","target":["https:\/\/nancy-mariage.fr\/?page_id=743"]}]},{"@type":"BreadcrumbList","@id":"https:\/\/nancy-mariage.fr\/?page_id=743#breadcrumb","itemListElement":[{"@type":"ListItem","position":1,"name":"Accueil","item":"https:\/\/nancy-mariage.fr\/"},{"@type":"ListItem","position":2,"name":"Cr\u00e9atif Paris"}]},{"@type":"WebSite","@id":"http:\/\/nancy-mariage.fr\/#website","url":"http:\/\/nancy-mariage.fr\/","name":"Nancy Mariage","description":"La plus grande boutique de mariage aux portes de Nancy vous propose un tr\u00e8s large choix parmi plus de 300 robes de mari\u00e9es et 200 costumes.","potentialAction":[{"@type":"SearchAction","target":{"@type":"EntryPoint","urlTemplate":"http:\/\/nancy-mariage.fr\/?s={search_term_string}"},"query-input":{"@type":"PropertyValueSpecification","valueRequired":true,"valueName":"search_term_string"}}],"inLanguage":"fr-FR"}]}},"_links":{"self":[{"href":"https:\/\/nancy-mariage.fr\/index.php?rest_route=\/wp\/v2\/pages\/743","targetHints":{"allow":["GET"]}}],"collection":[{"href":"https:\/\/nancy-mariage.fr\/index.php?rest_route=\/wp\/v2\/pages"}],"about":[{"href":"https:\/\/nancy-mariage.fr\/index.php?rest_route=\/wp\/v2\/types\/page"}],"author":[{"embeddable":true,"href":"https:\/\/nancy-mariage.fr\/index.php?rest_route=\/wp\/v2\/users\/1"}],"replies":[{"embeddable":true,"href":"https:\/\/nancy-mariage.fr\/index.php?rest_route=%2Fwp%2Fv2%2Fcomments&post=743"}],"version-history":[{"count":16,"href":"https:\/\/nancy-mariage.fr\/index.php?rest_route=\/wp\/v2\/pages\/743\/revisions"}],"predecessor-version":[{"id":1393,"href":"https:\/\/nancy-mariage.fr\/index.php?rest_route=\/wp\/v2\/pages\/743\/revisions\/1393"}],"wp:attachment":[{"href":"https:\/\/nancy-mariage.fr\/index.php?rest_route=%2Fwp%2Fv2%2Fmedia&parent=743"}],"curies":[{"name":"wp","href":"https:\/\/api.w.org\/{rel}","templated":true}]}}